{"id":4660,"date":"2022-10-27T15:27:57","date_gmt":"2022-10-27T15:27:57","guid":{"rendered":"https:\/\/landupplysingar.is\/?page_id=4660"},"modified":"2022-11-02T12:16:03","modified_gmt":"2022-11-02T12:16:03","slug":"hvernig-getur-selfoss-ordid-ad-20-minutna-bae","status":"publish","type":"page","link":"https:\/\/landupplysingar.is\/index.php\/haustradstefna-2022\/hvernig-getur-selfoss-ordid-ad-20-minutna-bae\/","title":{"rendered":"Gl\u00e6rur"},"content":{"rendered":"\n<p><\/p>\n\n\n\n<p><a href=\"https:\/\/landupplysingar.is\/index.php\/hvernig-getur-selfoss-ordid-20-minutna-baer-anne-steinbrenner-lbhi\/\">Hvernig getur Selfoss or\u00f0i\u00f0 a\u00f0 20 m\u00edn\u00fatna b\u00e6?<\/a> Anne Steinbrenner &#8211; LBH\u00cd<\/p>\n\n\n\n<p><a href=\"https:\/\/landupplysingar.is\/index.php\/landupplysingagatt-og-themasjar\/\">Landuppl\u00fdsingag\u00e1tt og \u00feemasj\u00e1r.<\/a> \u00c1sta Krist\u00edn \u00d3lad\u00f3ttir &#8211; LM\u00cd<\/p>\n\n\n\n<p>Kortlagning hafsbotnsins<strong> <\/strong>umhverfis&nbsp;\u00cdsland. Dav\u00ed\u00f0 \u00de\u00f3r \u00d3lafsson<\/p>\n\n\n\n<p><a href=\"https:\/\/landupplysingar.is\/index.php\/nakvaem-stadsetning-fyrir-alla\/\">N\u00e1kv\u00e6m sta\u00f0setning fyrir alla.<\/a> Gu\u00f0mundur Valsson &#8211; LM\u00cd<\/p>\n\n\n\n<p><a href=\"https:\/\/landupplysingar.is\/index.php\/landupplysingar-i-verkundirbuningi-rarik\/\">Landuppl\u00fdsingar \u00ed verkundirb\u00faningi RARIK.<\/a> Gu\u00f0mundur H\u00f3lm Gu\u00f0mundsson &#8211; RARIK<\/p>\n\n\n\n<p><a href=\"https:\/\/landupplysingar.is\/index.php\/orkuskipti-og-landupplysingar\/\">Orkuskipti og landuppl\u00fdsingar.<\/a> Gunnlaugur M. Einarsson &#8211; \u00cdSOR<\/p>\n\n\n\n<p><a href=\"https:\/\/landupplysingar.is\/index.php\/framundan-hja-fasteignahluta-hms\/\">Framundan hj\u00e1 fasteignahluta HMS.<\/a> Katr\u00edn H\u00f3lm Hauksd\u00f3ttir &#8211; HMS<\/p>\n\n\n\n<p><a href=\"https:\/\/landupplysingar.is\/index.php\/orkuskipti-og-dreifikerfi-rarik\/\">Orkuskipti og dreifikerfi RARIK.<\/a> Kjartan Rolf \u00c1rnason &#8211; RARIK<\/p>\n\n\n\n<p><a href=\"https:\/\/landupplysingar.is\/index.php\/utlinur-joklaog-fleiri-gogn-tengd-loftslagsbreytingum\/\">\u00datl\u00ednur j\u00f6kla\u2026og fleiri g\u00f6gn tengd loftslagsbreytingum.<\/a> Ragnar Hei\u00f0ar \u00derastarson &#8211; Ve\u00f0urstofa \u00cdslands<\/p>\n\n\n\n<p><a href=\"https:\/\/landupplysingar.is\/index.php\/samgongulikan-a-hofudborgarsvaedinu-slh\/\">Samg\u00f6ngul\u00edkan \u00e1 h\u00f6fu\u00f0borgarsv\u00e6\u00f0inu &#8211; SLH<\/a>. Sigr\u00ed\u00f0ur Lilja Sk\u00falad\u00f3ttir &#8211; Vegager\u00f0inni<\/p>\n\n\n\n<p><a href=\"https:\/\/landupplysingar.is\/index.php\/orkustofnun-og-orkuskipti\/\">Orkustofnun og orkuskipti.<\/a> Sigur\u00f0ur El\u00edas Hjaltason &#8211; Orkustofnun<\/p>\n\n\n\n<p><a href=\"https:\/\/landupplysingar.is\/index.php\/nytt-leidanet-og-landfraedilegar-upplysingar\/\">N\u00fdtt lei\u00f0anet og landfr\u00e6\u00f0ilegar uppl\u00fdsingar<\/a>. S\u00f3lr\u00fan Svava Sk\u00falad\u00f3ttir &#8211; Str\u00e6t\u00f3 BS<\/p>\n\n\n\n<p><a href=\"https:\/\/landupplysingar.is\/index.php\/vefkortasafnid\/\">Vefkortasafni\u00f0.<\/a> \u00deorvaldur Bragason<\/p>\n\n\n\n<p><\/p>\n\n\n\n<p><\/p>\n","protected":false},"excerpt":{"rendered":"<p>Hvernig getur Selfoss or\u00f0i\u00f0 a\u00f0 20 m\u00edn\u00fatna b\u00e6? Anne Steinbrenner &#8211; LBH\u00cd Landuppl\u00fdsingag\u00e1tt og \u00feemasj\u00e1r. \u00c1sta Krist\u00edn \u00d3lad\u00f3ttir &#8211; LM\u00cd Kortlagning hafsbotnsins umhverfis&nbsp;\u00cdsland. Dav\u00ed\u00f0 \u00de\u00f3r \u00d3lafsson N\u00e1kv\u00e6m sta\u00f0setning fyrir alla. Gu\u00f0mundur Valsson &#8211; LM\u00cd Landuppl\u00fdsingar \u00ed verkundirb\u00faningi RARIK. Gu\u00f0mundur H\u00f3lm Gu\u00f0mundsson &#8211; RARIK Orkuskipti og landuppl\u00fdsingar. Gunnlaugur M. Einarsson &#8211; \u00cdSOR Framundan hj\u00e1 fasteignahluta HMS. [&hellip;]<\/p>\n","protected":false},"author":1,"featured_media":0,"parent":4473,"menu_order":1,"comment_status":"closed","ping_status":"closed","template":"","meta":{"_exactmetrics_skip_tracking":false,"_exactmetrics_sitenote_active":false,"_exactmetrics_sitenote_note":"","_exactmetrics_sitenote_category":0,"_uf_show_specific_survey":0,"_uf_disable_surveys":false,"footnotes":""},"class_list":["post-4660","page","type-page","status-publish","hentry"],"aioseo_notices":[],"_links":{"self":[{"href":"https:\/\/landupplysingar.is\/index.php\/wp-json\/wp\/v2\/pages\/4660","targetHints":{"allow":["GET"]}}],"collection":[{"href":"https:\/\/landupplysingar.is\/index.php\/wp-json\/wp\/v2\/pages"}],"about":[{"href":"https:\/\/landupplysingar.is\/index.php\/wp-json\/wp\/v2\/types\/page"}],"author":[{"embeddable":true,"href":"https:\/\/landupplysingar.is\/index.php\/wp-json\/wp\/v2\/users\/1"}],"replies":[{"embeddable":true,"href":"https:\/\/landupplysingar.is\/index.php\/wp-json\/wp\/v2\/comments?post=4660"}],"version-history":[{"count":4,"href":"https:\/\/landupplysingar.is\/index.php\/wp-json\/wp\/v2\/pages\/4660\/revisions"}],"predecessor-version":[{"id":4767,"href":"https:\/\/landupplysingar.is\/index.php\/wp-json\/wp\/v2\/pages\/4660\/revisions\/4767"}],"up":[{"embeddable":true,"href":"https:\/\/landupplysingar.is\/index.php\/wp-json\/wp\/v2\/pages\/4473"}],"wp:attachment":[{"href":"https:\/\/landupplysingar.is\/index.php\/wp-json\/wp\/v2\/media?parent=4660"}],"curies":[{"name":"wp","href":"https:\/\/api.w.org\/{rel}","templated":true}]}}