{"id":4690,"date":"2022-10-27T16:17:01","date_gmt":"2022-10-27T16:17:01","guid":{"rendered":"https:\/\/landupplysingar.is\/?page_id=4690"},"modified":"2022-10-27T16:20:20","modified_gmt":"2022-10-27T16:20:20","slug":"hvernig-getur-selfoss-ordid-20-minutna-baer-anne-steinbrenner-lbhi","status":"publish","type":"page","link":"https:\/\/landupplysingar.is\/index.php\/hvernig-getur-selfoss-ordid-20-minutna-baer-anne-steinbrenner-lbhi\/","title":{"rendered":"Hvernig getur Selfoss or\u00f0i\u00f0 20 m\u00edn\u00fatna b\u00e6r?"},"content":{"rendered":"\n<p>Anne Steinbrenner \u2013 LBH\u00cd<\/p>\n\n\n\n<div data-wp-interactive=\"core\/file\" class=\"wp-block-file\"><object data-wp-bind--hidden=\"!state.hasPdfPreview\" hidden class=\"wp-block-file__embed\" data=\"https:\/\/landupplysingar.is\/wp-content\/uploads\/2022\/10\/Anne-Steinbrenner.pdf\" type=\"application\/pdf\" style=\"width:100%;height:600px\" aria-label=\"Embed of Embed of Anne Steinbrenner..\"><\/object><a id=\"wp-block-file--media-7c238432-7c70-4dda-8b4a-5608c35c2e39\" href=\"https:\/\/landupplysingar.is\/wp-content\/uploads\/2022\/10\/Anne-Steinbrenner.pdf\">Anne Steinbrenner<\/a><a href=\"https:\/\/landupplysingar.is\/wp-content\/uploads\/2022\/10\/Anne-Steinbrenner.pdf\" class=\"wp-block-file__button\" download aria-describedby=\"wp-block-file--media-7c238432-7c70-4dda-8b4a-5608c35c2e39\">Download<\/a><\/div>\n","protected":false},"excerpt":{"rendered":"<p>Anne Steinbrenner \u2013 LBH\u00cd<\/p>\n","protected":false},"author":1,"featured_media":0,"parent":0,"menu_order":0,"comment_status":"closed","ping_status":"closed","template":"","meta":{"_exactmetrics_skip_tracking":false,"_exactmetrics_sitenote_active":false,"_exactmetrics_sitenote_note":"","_exactmetrics_sitenote_category":0,"_uf_show_specific_survey":0,"_uf_disable_surveys":false,"footnotes":""},"class_list":["post-4690","page","type-page","status-publish","hentry"],"aioseo_notices":[],"_links":{"self":[{"href":"https:\/\/landupplysingar.is\/index.php\/wp-json\/wp\/v2\/pages\/4690","targetHints":{"allow":["GET"]}}],"collection":[{"href":"https:\/\/landupplysingar.is\/index.php\/wp-json\/wp\/v2\/pages"}],"about":[{"href":"https:\/\/landupplysingar.is\/index.php\/wp-json\/wp\/v2\/types\/page"}],"author":[{"embeddable":true,"href":"https:\/\/landupplysingar.is\/index.php\/wp-json\/wp\/v2\/users\/1"}],"replies":[{"embeddable":true,"href":"https:\/\/landupplysingar.is\/index.php\/wp-json\/wp\/v2\/comments?post=4690"}],"version-history":[{"count":4,"href":"https:\/\/landupplysingar.is\/index.php\/wp-json\/wp\/v2\/pages\/4690\/revisions"}],"predecessor-version":[{"id":4698,"href":"https:\/\/landupplysingar.is\/index.php\/wp-json\/wp\/v2\/pages\/4690\/revisions\/4698"}],"wp:attachment":[{"href":"https:\/\/landupplysingar.is\/index.php\/wp-json\/wp\/v2\/media?parent=4690"}],"curies":[{"name":"wp","href":"https:\/\/api.w.org\/{rel}","templated":true}]}}