{"id":4693,"date":"2022-10-27T16:17:52","date_gmt":"2022-10-27T16:17:52","guid":{"rendered":"https:\/\/landupplysingar.is\/?page_id=4693"},"modified":"2022-10-27T16:17:55","modified_gmt":"2022-10-27T16:17:55","slug":"landupplysingagatt-og-themasjar","status":"publish","type":"page","link":"https:\/\/landupplysingar.is\/index.php\/landupplysingagatt-og-themasjar\/","title":{"rendered":"Landuppl\u00fdsingag\u00e1tt og \u00feemasj\u00e1r."},"content":{"rendered":"\n<p>\u00c1sta Krist\u00edn \u00d3lad\u00f3ttir \u2013 LM<\/p>\n\n\n\n<div data-wp-interactive=\"core\/file\" class=\"wp-block-file\"><object data-wp-bind--hidden=\"!state.hasPdfPreview\" hidden class=\"wp-block-file__embed\" data=\"https:\/\/landupplysingar.is\/wp-content\/uploads\/2022\/10\/A\u0301sta-Kristi\u0301n.pdf\" type=\"application\/pdf\" style=\"width:100%;height:600px\" aria-label=\"Embed of Embed of A\u0301sta Kristi\u0301n..\"><\/object><a id=\"wp-block-file--media-3b27e6d2-a0d6-4ce5-aaae-7e0ab6ffe5bc\" href=\"https:\/\/landupplysingar.is\/wp-content\/uploads\/2022\/10\/A\u0301sta-Kristi\u0301n.pdf\">A\u0301sta Kristi\u0301n<\/a><a href=\"https:\/\/landupplysingar.is\/wp-content\/uploads\/2022\/10\/A\u0301sta-Kristi\u0301n.pdf\" class=\"wp-block-file__button\" download aria-describedby=\"wp-block-file--media-3b27e6d2-a0d6-4ce5-aaae-7e0ab6ffe5bc\">Download<\/a><\/div>\n","protected":false},"excerpt":{"rendered":"<p>\u00c1sta Krist\u00edn \u00d3lad\u00f3ttir \u2013 LM<\/p>\n","protected":false},"author":1,"featured_media":0,"parent":0,"menu_order":0,"comment_status":"closed","ping_status":"closed","template":"","meta":{"_exactmetrics_skip_tracking":false,"_exactmetrics_sitenote_active":false,"_exactmetrics_sitenote_note":"","_exactmetrics_sitenote_category":0,"_uf_show_specific_survey":0,"_uf_disable_surveys":false,"footnotes":""},"class_list":["post-4693","page","type-page","status-publish","hentry"],"aioseo_notices":[],"_links":{"self":[{"href":"https:\/\/landupplysingar.is\/index.php\/wp-json\/wp\/v2\/pages\/4693","targetHints":{"allow":["GET"]}}],"collection":[{"href":"https:\/\/landupplysingar.is\/index.php\/wp-json\/wp\/v2\/pages"}],"about":[{"href":"https:\/\/landupplysingar.is\/index.php\/wp-json\/wp\/v2\/types\/page"}],"author":[{"embeddable":true,"href":"https:\/\/landupplysingar.is\/index.php\/wp-json\/wp\/v2\/users\/1"}],"replies":[{"embeddable":true,"href":"https:\/\/landupplysingar.is\/index.php\/wp-json\/wp\/v2\/comments?post=4693"}],"version-history":[{"count":1,"href":"https:\/\/landupplysingar.is\/index.php\/wp-json\/wp\/v2\/pages\/4693\/revisions"}],"predecessor-version":[{"id":4695,"href":"https:\/\/landupplysingar.is\/index.php\/wp-json\/wp\/v2\/pages\/4693\/revisions\/4695"}],"wp:attachment":[{"href":"https:\/\/landupplysingar.is\/index.php\/wp-json\/wp\/v2\/media?parent=4693"}],"curies":[{"name":"wp","href":"https:\/\/api.w.org\/{rel}","templated":true}]}}