{"id":4711,"date":"2022-10-27T16:31:15","date_gmt":"2022-10-27T16:31:15","guid":{"rendered":"https:\/\/landupplysingar.is\/?page_id=4711"},"modified":"2022-10-27T16:31:16","modified_gmt":"2022-10-27T16:31:16","slug":"utlinur-joklaog-fleiri-gogn-tengd-loftslagsbreytingum","status":"publish","type":"page","link":"https:\/\/landupplysingar.is\/index.php\/utlinur-joklaog-fleiri-gogn-tengd-loftslagsbreytingum\/","title":{"rendered":"\u00datl\u00ednur j\u00f6kla\u2026og fleiri g\u00f6gn tengd loftslagsbreytingum."},"content":{"rendered":"\n<p>Ragnar Hei\u00f0ar \u00derastarson \u2013 Ve\u00f0urstofa \u00cdslands<\/p>\n\n\n\n<div data-wp-interactive=\"core\/file\" class=\"wp-block-file\"><object data-wp-bind--hidden=\"!state.hasPdfPreview\" hidden class=\"wp-block-file__embed\" data=\"https:\/\/landupplysingar.is\/wp-content\/uploads\/2022\/10\/Ragnar-Heidar.pdf\" type=\"application\/pdf\" style=\"width:100%;height:600px\" aria-label=\"Embed of Embed of Ragnar Hei\u00f0ar..\"><\/object><a id=\"wp-block-file--media-8cf97022-5104-4a11-b2cf-c7e4ba71e285\" href=\"https:\/\/landupplysingar.is\/wp-content\/uploads\/2022\/10\/Ragnar-Heidar.pdf\">Ragnar Hei\u00f0ar<\/a><a href=\"https:\/\/landupplysingar.is\/wp-content\/uploads\/2022\/10\/Ragnar-Heidar.pdf\" class=\"wp-block-file__button\" download aria-describedby=\"wp-block-file--media-8cf97022-5104-4a11-b2cf-c7e4ba71e285\">Download<\/a><\/div>\n","protected":false},"excerpt":{"rendered":"<p>Ragnar Hei\u00f0ar \u00derastarson \u2013 Ve\u00f0urstofa \u00cdslands<\/p>\n","protected":false},"author":1,"featured_media":0,"parent":0,"menu_order":0,"comment_status":"closed","ping_status":"closed","template":"","meta":{"_exactmetrics_skip_tracking":false,"_exactmetrics_sitenote_active":false,"_exactmetrics_sitenote_note":"","_exactmetrics_sitenote_category":0,"_uf_show_specific_survey":0,"_uf_disable_surveys":false,"footnotes":""},"class_list":["post-4711","page","type-page","status-publish","hentry"],"aioseo_notices":[],"_links":{"self":[{"href":"https:\/\/landupplysingar.is\/index.php\/wp-json\/wp\/v2\/pages\/4711","targetHints":{"allow":["GET"]}}],"collection":[{"href":"https:\/\/landupplysingar.is\/index.php\/wp-json\/wp\/v2\/pages"}],"about":[{"href":"https:\/\/landupplysingar.is\/index.php\/wp-json\/wp\/v2\/types\/page"}],"author":[{"embeddable":true,"href":"https:\/\/landupplysingar.is\/index.php\/wp-json\/wp\/v2\/users\/1"}],"replies":[{"embeddable":true,"href":"https:\/\/landupplysingar.is\/index.php\/wp-json\/wp\/v2\/comments?post=4711"}],"version-history":[{"count":1,"href":"https:\/\/landupplysingar.is\/index.php\/wp-json\/wp\/v2\/pages\/4711\/revisions"}],"predecessor-version":[{"id":4714,"href":"https:\/\/landupplysingar.is\/index.php\/wp-json\/wp\/v2\/pages\/4711\/revisions\/4714"}],"wp:attachment":[{"href":"https:\/\/landupplysingar.is\/index.php\/wp-json\/wp\/v2\/media?parent=4711"}],"curies":[{"name":"wp","href":"https:\/\/api.w.org\/{rel}","templated":true}]}}