{"id":4715,"date":"2022-10-27T16:33:37","date_gmt":"2022-10-27T16:33:37","guid":{"rendered":"https:\/\/landupplysingar.is\/?page_id=4715"},"modified":"2022-10-27T16:33:38","modified_gmt":"2022-10-27T16:33:38","slug":"samgongulikan-a-hofudborgarsvaedinu-slh","status":"publish","type":"page","link":"https:\/\/landupplysingar.is\/index.php\/samgongulikan-a-hofudborgarsvaedinu-slh\/","title":{"rendered":"Samg\u00f6ngul\u00edkan \u00e1 h\u00f6fu\u00f0borgarsv\u00e6\u00f0inu \u2013 SLH."},"content":{"rendered":"\n<p>Sigr\u00ed\u00f0ur Lilja Sk\u00falad\u00f3ttir \u2013 Vegager\u00f0inni<\/p>\n\n\n\n<div data-wp-interactive=\"core\/file\" class=\"wp-block-file\"><object data-wp-bind--hidden=\"!state.hasPdfPreview\" hidden class=\"wp-block-file__embed\" data=\"https:\/\/landupplysingar.is\/wp-content\/uploads\/2022\/10\/Sigri\u0301dur-Lilja.pdf\" type=\"application\/pdf\" style=\"width:100%;height:600px\" aria-label=\"Embed of Embed of Sigri\u0301\u00f0ur Lilja..\"><\/object><a id=\"wp-block-file--media-8e4ddd5e-9d17-48f3-a73b-084e7369a511\" href=\"https:\/\/landupplysingar.is\/wp-content\/uploads\/2022\/10\/Sigri\u0301dur-Lilja.pdf\">Sigri\u0301\u00f0ur Lilja<\/a><a href=\"https:\/\/landupplysingar.is\/wp-content\/uploads\/2022\/10\/Sigri\u0301dur-Lilja.pdf\" class=\"wp-block-file__button\" download aria-describedby=\"wp-block-file--media-8e4ddd5e-9d17-48f3-a73b-084e7369a511\">Download<\/a><\/div>\n","protected":false},"excerpt":{"rendered":"<p>Sigr\u00ed\u00f0ur Lilja Sk\u00falad\u00f3ttir \u2013 Vegager\u00f0inni<\/p>\n","protected":false},"author":1,"featured_media":0,"parent":0,"menu_order":0,"comment_status":"closed","ping_status":"closed","template":"","meta":{"_exactmetrics_skip_tracking":false,"_exactmetrics_sitenote_active":false,"_exactmetrics_sitenote_note":"","_exactmetrics_sitenote_category":0,"_uf_show_specific_survey":0,"_uf_disable_surveys":false,"footnotes":""},"class_list":["post-4715","page","type-page","status-publish","hentry"],"aioseo_notices":[],"_links":{"self":[{"href":"https:\/\/landupplysingar.is\/index.php\/wp-json\/wp\/v2\/pages\/4715","targetHints":{"allow":["GET"]}}],"collection":[{"href":"https:\/\/landupplysingar.is\/index.php\/wp-json\/wp\/v2\/pages"}],"about":[{"href":"https:\/\/landupplysingar.is\/index.php\/wp-json\/wp\/v2\/types\/page"}],"author":[{"embeddable":true,"href":"https:\/\/landupplysingar.is\/index.php\/wp-json\/wp\/v2\/users\/1"}],"replies":[{"embeddable":true,"href":"https:\/\/landupplysingar.is\/index.php\/wp-json\/wp\/v2\/comments?post=4715"}],"version-history":[{"count":1,"href":"https:\/\/landupplysingar.is\/index.php\/wp-json\/wp\/v2\/pages\/4715\/revisions"}],"predecessor-version":[{"id":4717,"href":"https:\/\/landupplysingar.is\/index.php\/wp-json\/wp\/v2\/pages\/4715\/revisions\/4717"}],"wp:attachment":[{"href":"https:\/\/landupplysingar.is\/index.php\/wp-json\/wp\/v2\/media?parent=4715"}],"curies":[{"name":"wp","href":"https:\/\/api.w.org\/{rel}","templated":true}]}}