{"id":4721,"date":"2022-10-27T16:36:43","date_gmt":"2022-10-27T16:36:43","guid":{"rendered":"https:\/\/landupplysingar.is\/?page_id=4721"},"modified":"2022-10-27T16:36:44","modified_gmt":"2022-10-27T16:36:44","slug":"nytt-leidanet-og-landfraedilegar-upplysingar","status":"publish","type":"page","link":"https:\/\/landupplysingar.is\/index.php\/nytt-leidanet-og-landfraedilegar-upplysingar\/","title":{"rendered":"N\u00fdtt lei\u00f0anet og landfr\u00e6\u00f0ilegar uppl\u00fdsingar."},"content":{"rendered":"\n<p>S\u00f3lr\u00fan Svava Sk\u00falad\u00f3ttir \u2013 Str\u00e6t\u00f3 BS<\/p>\n\n\n\n<div data-wp-interactive=\"core\/file\" class=\"wp-block-file\"><object data-wp-bind--hidden=\"!state.hasPdfPreview\" hidden class=\"wp-block-file__embed\" data=\"https:\/\/landupplysingar.is\/wp-content\/uploads\/2022\/10\/So\u0301lru\u0301n-Svava-Sku\u0301lado\u0301ttir.pdf\" type=\"application\/pdf\" style=\"width:100%;height:600px\" aria-label=\"Embed of Embed of So\u0301lru\u0301n Svava Sku\u0301lado\u0301ttir..\"><\/object><a id=\"wp-block-file--media-c9c1ad20-e56f-49bc-8266-16c6efe8b63a\" href=\"https:\/\/landupplysingar.is\/wp-content\/uploads\/2022\/10\/So\u0301lru\u0301n-Svava-Sku\u0301lado\u0301ttir.pdf\">So\u0301lru\u0301n Svava Sku\u0301lado\u0301ttir<\/a><a href=\"https:\/\/landupplysingar.is\/wp-content\/uploads\/2022\/10\/So\u0301lru\u0301n-Svava-Sku\u0301lado\u0301ttir.pdf\" class=\"wp-block-file__button\" download aria-describedby=\"wp-block-file--media-c9c1ad20-e56f-49bc-8266-16c6efe8b63a\">Download<\/a><\/div>\n","protected":false},"excerpt":{"rendered":"<p>S\u00f3lr\u00fan Svava Sk\u00falad\u00f3ttir \u2013 Str\u00e6t\u00f3 BS<\/p>\n","protected":false},"author":1,"featured_media":0,"parent":0,"menu_order":0,"comment_status":"closed","ping_status":"closed","template":"","meta":{"_exactmetrics_skip_tracking":false,"_exactmetrics_sitenote_active":false,"_exactmetrics_sitenote_note":"","_exactmetrics_sitenote_category":0,"_uf_show_specific_survey":0,"_uf_disable_surveys":false,"footnotes":""},"class_list":["post-4721","page","type-page","status-publish","hentry"],"aioseo_notices":[],"_links":{"self":[{"href":"https:\/\/landupplysingar.is\/index.php\/wp-json\/wp\/v2\/pages\/4721","targetHints":{"allow":["GET"]}}],"collection":[{"href":"https:\/\/landupplysingar.is\/index.php\/wp-json\/wp\/v2\/pages"}],"about":[{"href":"https:\/\/landupplysingar.is\/index.php\/wp-json\/wp\/v2\/types\/page"}],"author":[{"embeddable":true,"href":"https:\/\/landupplysingar.is\/index.php\/wp-json\/wp\/v2\/users\/1"}],"replies":[{"embeddable":true,"href":"https:\/\/landupplysingar.is\/index.php\/wp-json\/wp\/v2\/comments?post=4721"}],"version-history":[{"count":1,"href":"https:\/\/landupplysingar.is\/index.php\/wp-json\/wp\/v2\/pages\/4721\/revisions"}],"predecessor-version":[{"id":4723,"href":"https:\/\/landupplysingar.is\/index.php\/wp-json\/wp\/v2\/pages\/4721\/revisions\/4723"}],"wp:attachment":[{"href":"https:\/\/landupplysingar.is\/index.php\/wp-json\/wp\/v2\/media?parent=4721"}],"curies":[{"name":"wp","href":"https:\/\/api.w.org\/{rel}","templated":true}]}}