{"id":4735,"date":"2022-10-31T09:01:36","date_gmt":"2022-10-31T09:01:36","guid":{"rendered":"https:\/\/landupplysingar.is\/?page_id=4735"},"modified":"2022-10-31T09:07:05","modified_gmt":"2022-10-31T09:07:05","slug":"landupplysingar-i-verkundirbuningi-rarik","status":"publish","type":"page","link":"https:\/\/landupplysingar.is\/index.php\/landupplysingar-i-verkundirbuningi-rarik\/","title":{"rendered":"Landuppl\u00fdsingar \u00ed verkundirb\u00faningi RARIK"},"content":{"rendered":"\n<p>Gu\u00f0mundur H\u00f3lm Gu\u00f0mundsson &#8211; RARIK<\/p>\n\n\n\n<div data-wp-interactive=\"core\/file\" class=\"wp-block-file\"><object data-wp-bind--hidden=\"!state.hasPdfPreview\" hidden class=\"wp-block-file__embed\" data=\"https:\/\/landupplysingar.is\/wp-content\/uploads\/2022\/10\/Landupply\u0301singar-i\u0301-verkundirbu\u0301ningi-1.pdf\" type=\"application\/pdf\" style=\"width:100%;height:600px\" aria-label=\"Embed of Embed of Landupply\u0301singar-i\u0301-verkundirbu\u0301ningi-1..\"><\/object><a id=\"wp-block-file--media-7a6a4023-124a-4667-9867-de2c88ac473f\" href=\"https:\/\/landupplysingar.is\/wp-content\/uploads\/2022\/10\/Landupply\u0301singar-i\u0301-verkundirbu\u0301ningi-1.pdf\">Landupply\u0301singar-i\u0301-verkundirbu\u0301ningi-1<\/a><a href=\"https:\/\/landupplysingar.is\/wp-content\/uploads\/2022\/10\/Landupply\u0301singar-i\u0301-verkundirbu\u0301ningi-1.pdf\" class=\"wp-block-file__button\" download aria-describedby=\"wp-block-file--media-7a6a4023-124a-4667-9867-de2c88ac473f\"><\/a><\/div>\n","protected":false},"excerpt":{"rendered":"<p>Gu\u00f0mundur H\u00f3lm Gu\u00f0mundsson &#8211; RARIK<\/p>\n","protected":false},"author":1,"featured_media":0,"parent":0,"menu_order":0,"comment_status":"closed","ping_status":"closed","template":"","meta":{"_exactmetrics_skip_tracking":false,"_exactmetrics_sitenote_active":false,"_exactmetrics_sitenote_note":"","_exactmetrics_sitenote_category":0,"_uf_show_specific_survey":0,"_uf_disable_surveys":false,"footnotes":""},"class_list":["post-4735","page","type-page","status-publish","hentry"],"aioseo_notices":[],"_links":{"self":[{"href":"https:\/\/landupplysingar.is\/index.php\/wp-json\/wp\/v2\/pages\/4735","targetHints":{"allow":["GET"]}}],"collection":[{"href":"https:\/\/landupplysingar.is\/index.php\/wp-json\/wp\/v2\/pages"}],"about":[{"href":"https:\/\/landupplysingar.is\/index.php\/wp-json\/wp\/v2\/types\/page"}],"author":[{"embeddable":true,"href":"https:\/\/landupplysingar.is\/index.php\/wp-json\/wp\/v2\/users\/1"}],"replies":[{"embeddable":true,"href":"https:\/\/landupplysingar.is\/index.php\/wp-json\/wp\/v2\/comments?post=4735"}],"version-history":[{"count":3,"href":"https:\/\/landupplysingar.is\/index.php\/wp-json\/wp\/v2\/pages\/4735\/revisions"}],"predecessor-version":[{"id":4741,"href":"https:\/\/landupplysingar.is\/index.php\/wp-json\/wp\/v2\/pages\/4735\/revisions\/4741"}],"wp:attachment":[{"href":"https:\/\/landupplysingar.is\/index.php\/wp-json\/wp\/v2\/media?parent=4735"}],"curies":[{"name":"wp","href":"https:\/\/api.w.org\/{rel}","templated":true}]}}