{"id":5312,"date":"2023-10-16T14:33:25","date_gmt":"2023-10-16T14:33:25","guid":{"rendered":"https:\/\/landupplysingar.is\/?page_id=5312"},"modified":"2023-10-23T21:12:30","modified_gmt":"2023-10-23T21:12:30","slug":"utbod-a-loftmyndum-af-islandi-hvernig-og-hvers-vegna","status":"publish","type":"page","link":"https:\/\/landupplysingar.is\/index.php\/utbod-a-loftmyndum-af-islandi-hvernig-og-hvers-vegna\/","title":{"rendered":"\u00datbo\u00f0 \u00e1 loftmyndum af \u00cdslandi \u2013 hvernig og hvers vegna."},"content":{"rendered":"\n<p>Gunnar H. Kristinsson, forstj\u00f3ri Landm\u00e6linga \u00cdslands.<\/p>\n\n\n\n<p><\/p>\n\n\n\n<div data-wp-interactive=\"core\/file\" class=\"wp-block-file\"><object data-wp-bind--hidden=\"!state.hasPdfPreview\" hidden class=\"wp-block-file__embed\" data=\"https:\/\/landupplysingar.is\/wp-content\/uploads\/2023\/10\/Loftmyndautbod-LISA-202343.pdf\" type=\"application\/pdf\" style=\"width:100%;height:600px\" aria-label=\"Embed of Loftmyndautbod-LISA-202343.\"><\/object><a id=\"wp-block-file--media-6f1c99d3-0ac6-4592-960d-280a086a5304\" href=\"https:\/\/landupplysingar.is\/wp-content\/uploads\/2023\/10\/Loftmyndautbod-LISA-202343.pdf\">Loftmyndautbod-LISA-202343<\/a><a href=\"https:\/\/landupplysingar.is\/wp-content\/uploads\/2023\/10\/Loftmyndautbod-LISA-202343.pdf\" class=\"wp-block-file__button wp-element-button\" download aria-describedby=\"wp-block-file--media-6f1c99d3-0ac6-4592-960d-280a086a5304\">Download<\/a><\/div>\n","protected":false},"excerpt":{"rendered":"<p>Gunnar H. Kristinsson, forstj\u00f3ri Landm\u00e6linga \u00cdslands.<\/p>\n","protected":false},"author":1,"featured_media":0,"parent":0,"menu_order":0,"comment_status":"closed","ping_status":"closed","template":"","meta":{"_exactmetrics_skip_tracking":false,"_exactmetrics_sitenote_active":false,"_exactmetrics_sitenote_note":"","_exactmetrics_sitenote_category":0,"_uf_show_specific_survey":0,"_uf_disable_surveys":false,"footnotes":""},"class_list":["post-5312","page","type-page","status-publish","hentry"],"aioseo_notices":[],"_links":{"self":[{"href":"https:\/\/landupplysingar.is\/index.php\/wp-json\/wp\/v2\/pages\/5312","targetHints":{"allow":["GET"]}}],"collection":[{"href":"https:\/\/landupplysingar.is\/index.php\/wp-json\/wp\/v2\/pages"}],"about":[{"href":"https:\/\/landupplysingar.is\/index.php\/wp-json\/wp\/v2\/types\/page"}],"author":[{"embeddable":true,"href":"https:\/\/landupplysingar.is\/index.php\/wp-json\/wp\/v2\/users\/1"}],"replies":[{"embeddable":true,"href":"https:\/\/landupplysingar.is\/index.php\/wp-json\/wp\/v2\/comments?post=5312"}],"version-history":[{"count":4,"href":"https:\/\/landupplysingar.is\/index.php\/wp-json\/wp\/v2\/pages\/5312\/revisions"}],"predecessor-version":[{"id":5370,"href":"https:\/\/landupplysingar.is\/index.php\/wp-json\/wp\/v2\/pages\/5312\/revisions\/5370"}],"wp:attachment":[{"href":"https:\/\/landupplysingar.is\/index.php\/wp-json\/wp\/v2\/media?parent=5312"}],"curies":[{"name":"wp","href":"https:\/\/api.w.org\/{rel}","templated":true}]}}