{"id":5315,"date":"2023-10-16T14:35:04","date_gmt":"2023-10-16T14:35:04","guid":{"rendered":"https:\/\/landupplysingar.is\/?page_id=5315"},"modified":"2023-10-23T15:55:12","modified_gmt":"2023-10-23T15:55:12","slug":"kynning-a-vefsja-fsre-greining-a-eigindum-rikisjarda-eins-og-verndun-audlindum-og-skipulagi","status":"publish","type":"page","link":"https:\/\/landupplysingar.is\/index.php\/kynning-a-vefsja-fsre-greining-a-eigindum-rikisjarda-eins-og-verndun-audlindum-og-skipulagi\/","title":{"rendered":"Kynning \u00e1 vefsj\u00e1 FSRE\u2013 greining \u00e1 eigindum r\u00edkisjar\u00f0a, eins og verndun, au\u00f0lindum og skipulagi."},"content":{"rendered":"\n<p>\u00c1sa Margr\u00e9t Einarsd\u00f3ttir FSRE og \u00c1rni Geirsson ALTA \u2013 me\u00f0h\u00f6fundur: Dav\u00ed\u00f0 M\u00e1r Sigur\u00f0sson FSRE<\/p>\n\n\n\n<div data-wp-interactive=\"core\/file\" class=\"wp-block-file\"><object data-wp-bind--hidden=\"!state.hasPdfPreview\" hidden class=\"wp-block-file__embed\" data=\"https:\/\/landupplysingar.is\/wp-content\/uploads\/2023\/10\/Kynning-a-Lisu-radstefnu-2023a.pdf\" type=\"application\/pdf\" style=\"width:100%;height:600px\" aria-label=\"Embed of Kynning-a-Lisu-radstefnu-2023a.\"><\/object><a id=\"wp-block-file--media-498c5afb-184d-4228-91cf-12ead0e82efa\" href=\"https:\/\/landupplysingar.is\/wp-content\/uploads\/2023\/10\/Kynning-a-Lisu-radstefnu-2023a.pdf\">Kynning-a-Lisu-radstefnu-2023a<\/a><a href=\"https:\/\/landupplysingar.is\/wp-content\/uploads\/2023\/10\/Kynning-a-Lisu-radstefnu-2023a.pdf\" class=\"wp-block-file__button wp-element-button\" download aria-describedby=\"wp-block-file--media-498c5afb-184d-4228-91cf-12ead0e82efa\">Download<\/a><\/div>\n","protected":false},"excerpt":{"rendered":"<p>\u00c1sa Margr\u00e9t Einarsd\u00f3ttir FSRE og \u00c1rni Geirsson ALTA \u2013 me\u00f0h\u00f6fundur: Dav\u00ed\u00f0 M\u00e1r Sigur\u00f0sson FSRE<\/p>\n","protected":false},"author":1,"featured_media":0,"parent":0,"menu_order":0,"comment_status":"closed","ping_status":"closed","template":"","meta":{"_exactmetrics_skip_tracking":false,"_exactmetrics_sitenote_active":false,"_exactmetrics_sitenote_note":"","_exactmetrics_sitenote_category":0,"_uf_show_specific_survey":0,"_uf_disable_surveys":false,"footnotes":""},"class_list":["post-5315","page","type-page","status-publish","hentry"],"aioseo_notices":[],"_links":{"self":[{"href":"https:\/\/landupplysingar.is\/index.php\/wp-json\/wp\/v2\/pages\/5315","targetHints":{"allow":["GET"]}}],"collection":[{"href":"https:\/\/landupplysingar.is\/index.php\/wp-json\/wp\/v2\/pages"}],"about":[{"href":"https:\/\/landupplysingar.is\/index.php\/wp-json\/wp\/v2\/types\/page"}],"author":[{"embeddable":true,"href":"https:\/\/landupplysingar.is\/index.php\/wp-json\/wp\/v2\/users\/1"}],"replies":[{"embeddable":true,"href":"https:\/\/landupplysingar.is\/index.php\/wp-json\/wp\/v2\/comments?post=5315"}],"version-history":[{"count":4,"href":"https:\/\/landupplysingar.is\/index.php\/wp-json\/wp\/v2\/pages\/5315\/revisions"}],"predecessor-version":[{"id":5361,"href":"https:\/\/landupplysingar.is\/index.php\/wp-json\/wp\/v2\/pages\/5315\/revisions\/5361"}],"wp:attachment":[{"href":"https:\/\/landupplysingar.is\/index.php\/wp-json\/wp\/v2\/media?parent=5315"}],"curies":[{"name":"wp","href":"https:\/\/api.w.org\/{rel}","templated":true}]}}