{"id":5321,"date":"2023-10-16T14:41:37","date_gmt":"2023-10-16T14:41:37","guid":{"rendered":"https:\/\/landupplysingar.is\/?page_id=5321"},"modified":"2023-10-24T12:11:57","modified_gmt":"2023-10-24T12:11:57","slug":"tetra-neydar-og-oryggisfjarskipti-a-islandi","status":"publish","type":"page","link":"https:\/\/landupplysingar.is\/index.php\/tetra-neydar-og-oryggisfjarskipti-a-islandi\/","title":{"rendered":"TETRA Ney\u00f0ar og \u00f6ryggisfjarskipti \u00e1 \u00cdslandi"},"content":{"rendered":"\n<p>Helgi Reynisson &#8211; 112<\/p>\n\n\n\n<p><\/p>\n\n\n\n<div data-wp-interactive=\"core\/file\" class=\"wp-block-file\"><object data-wp-bind--hidden=\"!state.hasPdfPreview\" hidden class=\"wp-block-file__embed\" data=\"https:\/\/landupplysingar.is\/wp-content\/uploads\/2023\/10\/Tetra-112-1.pdf\" type=\"application\/pdf\" style=\"width:100%;height:600px\" aria-label=\"Embed of Tetra-112-1.\"><\/object><a id=\"wp-block-file--media-c4f8cb2e-a6c9-4753-b45c-b63b38eb67ef\" href=\"https:\/\/landupplysingar.is\/wp-content\/uploads\/2023\/10\/Tetra-112-1.pdf\">Tetra-112-1<\/a><a href=\"https:\/\/landupplysingar.is\/wp-content\/uploads\/2023\/10\/Tetra-112-1.pdf\" class=\"wp-block-file__button wp-element-button\" download aria-describedby=\"wp-block-file--media-c4f8cb2e-a6c9-4753-b45c-b63b38eb67ef\">Download<\/a><\/div>\n","protected":false},"excerpt":{"rendered":"<p>Helgi Reynisson &#8211; 112<\/p>\n","protected":false},"author":1,"featured_media":0,"parent":0,"menu_order":0,"comment_status":"closed","ping_status":"closed","template":"","meta":{"_exactmetrics_skip_tracking":false,"_exactmetrics_sitenote_active":false,"_exactmetrics_sitenote_note":"","_exactmetrics_sitenote_category":0,"_uf_show_specific_survey":0,"_uf_disable_surveys":false,"footnotes":""},"class_list":["post-5321","page","type-page","status-publish","hentry"],"aioseo_notices":[],"_links":{"self":[{"href":"https:\/\/landupplysingar.is\/index.php\/wp-json\/wp\/v2\/pages\/5321","targetHints":{"allow":["GET"]}}],"collection":[{"href":"https:\/\/landupplysingar.is\/index.php\/wp-json\/wp\/v2\/pages"}],"about":[{"href":"https:\/\/landupplysingar.is\/index.php\/wp-json\/wp\/v2\/types\/page"}],"author":[{"embeddable":true,"href":"https:\/\/landupplysingar.is\/index.php\/wp-json\/wp\/v2\/users\/1"}],"replies":[{"embeddable":true,"href":"https:\/\/landupplysingar.is\/index.php\/wp-json\/wp\/v2\/comments?post=5321"}],"version-history":[{"count":5,"href":"https:\/\/landupplysingar.is\/index.php\/wp-json\/wp\/v2\/pages\/5321\/revisions"}],"predecessor-version":[{"id":5393,"href":"https:\/\/landupplysingar.is\/index.php\/wp-json\/wp\/v2\/pages\/5321\/revisions\/5393"}],"wp:attachment":[{"href":"https:\/\/landupplysingar.is\/index.php\/wp-json\/wp\/v2\/media?parent=5321"}],"curies":[{"name":"wp","href":"https:\/\/api.w.org\/{rel}","templated":true}]}}