{"id":5324,"date":"2023-10-16T14:43:39","date_gmt":"2023-10-16T14:43:39","guid":{"rendered":"https:\/\/landupplysingar.is\/?page_id=5324"},"modified":"2023-10-23T16:12:13","modified_gmt":"2023-10-23T16:12:13","slug":"samthaetting-hagtalna-og-landupplysinga-daemi-um-virdisaukandi-gogn","status":"publish","type":"page","link":"https:\/\/landupplysingar.is\/index.php\/samthaetting-hagtalna-og-landupplysinga-daemi-um-virdisaukandi-gogn\/","title":{"rendered":"Sam\u00fe\u00e6tting hagtalna og landuppl\u00fdsinga: d\u00e6mi um vir\u00f0isaukandi g\u00f6gn."},"content":{"rendered":"\n<p>Arnd\u00eds Vilhj\u00e1lmsd\u00f3ttir, ranns\u00f3knastj\u00f3ri Hagstofa \u00cdslands.<\/p>\n\n\n\n<p><\/p>\n\n\n\n<div data-wp-interactive=\"core\/file\" class=\"wp-block-file\"><object data-wp-bind--hidden=\"!state.hasPdfPreview\" hidden class=\"wp-block-file__embed\" data=\"https:\/\/landupplysingar.is\/wp-content\/uploads\/2023\/10\/Arndis.pdf\" type=\"application\/pdf\" style=\"width:100%;height:600px\" aria-label=\"Embed of Arndis.\"><\/object><a id=\"wp-block-file--media-5451c421-11b8-498e-a90a-7f6489fd8547\" href=\"https:\/\/landupplysingar.is\/wp-content\/uploads\/2023\/10\/Arndis.pdf\">Arndis<\/a><a href=\"https:\/\/landupplysingar.is\/wp-content\/uploads\/2023\/10\/Arndis.pdf\" class=\"wp-block-file__button wp-element-button\" download aria-describedby=\"wp-block-file--media-5451c421-11b8-498e-a90a-7f6489fd8547\">Download<\/a><\/div>\n","protected":false},"excerpt":{"rendered":"<p>Arnd\u00eds Vilhj\u00e1lmsd\u00f3ttir, ranns\u00f3knastj\u00f3ri Hagstofa \u00cdslands.<\/p>\n","protected":false},"author":1,"featured_media":0,"parent":0,"menu_order":0,"comment_status":"closed","ping_status":"closed","template":"","meta":{"_exactmetrics_skip_tracking":false,"_exactmetrics_sitenote_active":false,"_exactmetrics_sitenote_note":"","_exactmetrics_sitenote_category":0,"_uf_show_specific_survey":0,"_uf_disable_surveys":false,"footnotes":""},"class_list":["post-5324","page","type-page","status-publish","hentry"],"aioseo_notices":[],"_links":{"self":[{"href":"https:\/\/landupplysingar.is\/index.php\/wp-json\/wp\/v2\/pages\/5324","targetHints":{"allow":["GET"]}}],"collection":[{"href":"https:\/\/landupplysingar.is\/index.php\/wp-json\/wp\/v2\/pages"}],"about":[{"href":"https:\/\/landupplysingar.is\/index.php\/wp-json\/wp\/v2\/types\/page"}],"author":[{"embeddable":true,"href":"https:\/\/landupplysingar.is\/index.php\/wp-json\/wp\/v2\/users\/1"}],"replies":[{"embeddable":true,"href":"https:\/\/landupplysingar.is\/index.php\/wp-json\/wp\/v2\/comments?post=5324"}],"version-history":[{"count":4,"href":"https:\/\/landupplysingar.is\/index.php\/wp-json\/wp\/v2\/pages\/5324\/revisions"}],"predecessor-version":[{"id":5365,"href":"https:\/\/landupplysingar.is\/index.php\/wp-json\/wp\/v2\/pages\/5324\/revisions\/5365"}],"wp:attachment":[{"href":"https:\/\/landupplysingar.is\/index.php\/wp-json\/wp\/v2\/media?parent=5324"}],"curies":[{"name":"wp","href":"https:\/\/api.w.org\/{rel}","templated":true}]}}