{"id":5371,"date":"2023-10-23T21:19:25","date_gmt":"2023-10-23T21:19:25","guid":{"rendered":"https:\/\/landupplysingar.is\/?page_id=5371"},"modified":"2023-10-23T21:19:26","modified_gmt":"2023-10-23T21:19:26","slug":"husnaedisuppbygging-i-reykjavik-gagnvirkt-upplysingakort-byggt-a-landupplysingum","status":"publish","type":"page","link":"https:\/\/landupplysingar.is\/index.php\/husnaedisuppbygging-i-reykjavik-gagnvirkt-upplysingakort-byggt-a-landupplysingum\/","title":{"rendered":"<strong>H\u00fasn\u00e6\u00f0isuppbygging \u00ed Reykjav\u00edk \u2013 Gagnvirkt uppl\u00fdsingakort byggt \u00e1 landuppl\u00fdsingum.<\/strong>"},"content":{"rendered":"\n<p>Inga R\u00f3s Gunnarsd\u00f3ttir \u2013 Gagna\u00fej\u00f3nusta RVK<\/p>\n\n\n\n<div data-wp-interactive=\"core\/file\" class=\"wp-block-file\"><object data-wp-bind--hidden=\"!state.hasPdfPreview\" hidden class=\"wp-block-file__embed\" data=\"https:\/\/landupplysingar.is\/wp-content\/uploads\/2023\/10\/Husnaedisuppbygging_kynning-LISA.pdf\" type=\"application\/pdf\" style=\"width:100%;height:600px\" aria-label=\"Embed of Husnaedisuppbygging_kynning-LISA.\"><\/object><a id=\"wp-block-file--media-79fe43a9-bf39-41da-aaf0-8ae5bdf363c5\" href=\"https:\/\/landupplysingar.is\/wp-content\/uploads\/2023\/10\/Husnaedisuppbygging_kynning-LISA.pdf\">Husnaedisuppbygging_kynning-LISA<\/a><a href=\"https:\/\/landupplysingar.is\/wp-content\/uploads\/2023\/10\/Husnaedisuppbygging_kynning-LISA.pdf\" class=\"wp-block-file__button wp-element-button\" download aria-describedby=\"wp-block-file--media-79fe43a9-bf39-41da-aaf0-8ae5bdf363c5\">Download<\/a><\/div>\n","protected":false},"excerpt":{"rendered":"<p>Inga R\u00f3s Gunnarsd\u00f3ttir \u2013 Gagna\u00fej\u00f3nusta RVK<\/p>\n","protected":false},"author":1,"featured_media":0,"parent":0,"menu_order":0,"comment_status":"closed","ping_status":"closed","template":"","meta":{"_exactmetrics_skip_tracking":false,"_exactmetrics_sitenote_active":false,"_exactmetrics_sitenote_note":"","_exactmetrics_sitenote_category":0,"_uf_show_specific_survey":0,"_uf_disable_surveys":false,"footnotes":""},"class_list":["post-5371","page","type-page","status-publish","hentry"],"aioseo_notices":[],"_links":{"self":[{"href":"https:\/\/landupplysingar.is\/index.php\/wp-json\/wp\/v2\/pages\/5371","targetHints":{"allow":["GET"]}}],"collection":[{"href":"https:\/\/landupplysingar.is\/index.php\/wp-json\/wp\/v2\/pages"}],"about":[{"href":"https:\/\/landupplysingar.is\/index.php\/wp-json\/wp\/v2\/types\/page"}],"author":[{"embeddable":true,"href":"https:\/\/landupplysingar.is\/index.php\/wp-json\/wp\/v2\/users\/1"}],"replies":[{"embeddable":true,"href":"https:\/\/landupplysingar.is\/index.php\/wp-json\/wp\/v2\/comments?post=5371"}],"version-history":[{"count":1,"href":"https:\/\/landupplysingar.is\/index.php\/wp-json\/wp\/v2\/pages\/5371\/revisions"}],"predecessor-version":[{"id":5374,"href":"https:\/\/landupplysingar.is\/index.php\/wp-json\/wp\/v2\/pages\/5371\/revisions\/5374"}],"wp:attachment":[{"href":"https:\/\/landupplysingar.is\/index.php\/wp-json\/wp\/v2\/media?parent=5371"}],"curies":[{"name":"wp","href":"https:\/\/api.w.org\/{rel}","templated":true}]}}