{"id":5675,"date":"2024-11-07T15:23:52","date_gmt":"2024-11-07T15:23:52","guid":{"rendered":"https:\/\/landupplysingar.is\/?page_id=5675"},"modified":"2024-12-03T13:52:55","modified_gmt":"2024-12-03T13:52:55","slug":"landupplysingar-a-natturufraedistofnun","status":"publish","type":"page","link":"https:\/\/landupplysingar.is\/index.php\/landupplysingar-a-natturufraedistofnun\/","title":{"rendered":"Landuppl\u00fdsingar \u00e1 N\u00e1tt\u00farufr\u00e6\u00f0istofnun"},"content":{"rendered":"\n<div data-wp-interactive=\"core\/file\" class=\"wp-block-file\"><object data-wp-bind--hidden=\"!state.hasPdfPreview\" hidden class=\"wp-block-file__embed\" data=\"https:\/\/landupplysingar.is\/wp-content\/uploads\/2024\/12\/Landupplysingar-a-Natturufraedistofnun.pdf\" type=\"application\/pdf\" style=\"width:100%;height:600px\" aria-label=\"Embed of Landupplysingar-a-Natturufraedistofnun.\"><\/object><a id=\"wp-block-file--media-f223fe31-9435-4a5a-9503-3e127df7afb4\" href=\"https:\/\/landupplysingar.is\/wp-content\/uploads\/2024\/12\/Landupplysingar-a-Natturufraedistofnun.pdf\">Landupplysingar-a-Natturufraedistofnun<\/a><a href=\"https:\/\/landupplysingar.is\/wp-content\/uploads\/2024\/12\/Landupplysingar-a-Natturufraedistofnun.pdf\" class=\"wp-block-file__button wp-element-button\" download aria-describedby=\"wp-block-file--media-f223fe31-9435-4a5a-9503-3e127df7afb4\">Download<\/a><\/div>\n","protected":false},"excerpt":{"rendered":"","protected":false},"author":1,"featured_media":0,"parent":0,"menu_order":0,"comment_status":"closed","ping_status":"closed","template":"","meta":{"_exactmetrics_skip_tracking":false,"_exactmetrics_sitenote_active":false,"_exactmetrics_sitenote_note":"","_exactmetrics_sitenote_category":0,"_uf_show_specific_survey":0,"_uf_disable_surveys":false,"footnotes":""},"class_list":["post-5675","page","type-page","status-publish","hentry"],"aioseo_notices":[],"_links":{"self":[{"href":"https:\/\/landupplysingar.is\/index.php\/wp-json\/wp\/v2\/pages\/5675","targetHints":{"allow":["GET"]}}],"collection":[{"href":"https:\/\/landupplysingar.is\/index.php\/wp-json\/wp\/v2\/pages"}],"about":[{"href":"https:\/\/landupplysingar.is\/index.php\/wp-json\/wp\/v2\/types\/page"}],"author":[{"embeddable":true,"href":"https:\/\/landupplysingar.is\/index.php\/wp-json\/wp\/v2\/users\/1"}],"replies":[{"embeddable":true,"href":"https:\/\/landupplysingar.is\/index.php\/wp-json\/wp\/v2\/comments?post=5675"}],"version-history":[{"count":4,"href":"https:\/\/landupplysingar.is\/index.php\/wp-json\/wp\/v2\/pages\/5675\/revisions"}],"predecessor-version":[{"id":5841,"href":"https:\/\/landupplysingar.is\/index.php\/wp-json\/wp\/v2\/pages\/5675\/revisions\/5841"}],"wp:attachment":[{"href":"https:\/\/landupplysingar.is\/index.php\/wp-json\/wp\/v2\/media?parent=5675"}],"curies":[{"name":"wp","href":"https:\/\/api.w.org\/{rel}","templated":true}]}}