{"id":5688,"date":"2024-11-07T15:50:00","date_gmt":"2024-11-07T15:50:00","guid":{"rendered":"https:\/\/landupplysingar.is\/?page_id=5688"},"modified":"2024-12-03T13:54:30","modified_gmt":"2024-12-03T13:54:30","slug":"greining-bilastaedanytingar-i-krafti-gervigreindar","status":"publish","type":"page","link":"https:\/\/landupplysingar.is\/index.php\/greining-bilastaedanytingar-i-krafti-gervigreindar\/","title":{"rendered":"Greining b\u00edlast\u00e6\u00f0an\u00fdtingar \u00ed krafti gervigreindar."},"content":{"rendered":"\n<div data-wp-interactive=\"core\/file\" class=\"wp-block-file\"><object data-wp-bind--hidden=\"!state.hasPdfPreview\" hidden class=\"wp-block-file__embed\" data=\"https:\/\/landupplysingar.is\/wp-content\/uploads\/2024\/12\/Greining-bilastaedanytingar-i-krafti-gervigreindar-VSB-Read-Only.pdf\" type=\"application\/pdf\" style=\"width:100%;height:600px\" aria-label=\"Embed of Greining-bilastaedanytingar-i-krafti-gervigreindar-VSB-Read-Only.\"><\/object><a id=\"wp-block-file--media-aa1e049e-3eb1-4038-8845-f8c3e7efa256\" href=\"https:\/\/landupplysingar.is\/wp-content\/uploads\/2024\/12\/Greining-bilastaedanytingar-i-krafti-gervigreindar-VSB-Read-Only.pdf\">Greining-bilastaedanytingar-i-krafti-gervigreindar-VSB-Read-Only<\/a><a href=\"https:\/\/landupplysingar.is\/wp-content\/uploads\/2024\/12\/Greining-bilastaedanytingar-i-krafti-gervigreindar-VSB-Read-Only.pdf\" class=\"wp-block-file__button wp-element-button\" download aria-describedby=\"wp-block-file--media-aa1e049e-3eb1-4038-8845-f8c3e7efa256\">Download<\/a><\/div>\n","protected":false},"excerpt":{"rendered":"","protected":false},"author":1,"featured_media":0,"parent":0,"menu_order":0,"comment_status":"closed","ping_status":"closed","template":"","meta":{"_exactmetrics_skip_tracking":false,"_exactmetrics_sitenote_active":false,"_exactmetrics_sitenote_note":"","_exactmetrics_sitenote_category":0,"_uf_show_specific_survey":0,"_uf_disable_surveys":false,"footnotes":""},"class_list":["post-5688","page","type-page","status-publish","hentry"],"aioseo_notices":[],"_links":{"self":[{"href":"https:\/\/landupplysingar.is\/index.php\/wp-json\/wp\/v2\/pages\/5688","targetHints":{"allow":["GET"]}}],"collection":[{"href":"https:\/\/landupplysingar.is\/index.php\/wp-json\/wp\/v2\/pages"}],"about":[{"href":"https:\/\/landupplysingar.is\/index.php\/wp-json\/wp\/v2\/types\/page"}],"author":[{"embeddable":true,"href":"https:\/\/landupplysingar.is\/index.php\/wp-json\/wp\/v2\/users\/1"}],"replies":[{"embeddable":true,"href":"https:\/\/landupplysingar.is\/index.php\/wp-json\/wp\/v2\/comments?post=5688"}],"version-history":[{"count":4,"href":"https:\/\/landupplysingar.is\/index.php\/wp-json\/wp\/v2\/pages\/5688\/revisions"}],"predecessor-version":[{"id":5844,"href":"https:\/\/landupplysingar.is\/index.php\/wp-json\/wp\/v2\/pages\/5688\/revisions\/5844"}],"wp:attachment":[{"href":"https:\/\/landupplysingar.is\/index.php\/wp-json\/wp\/v2\/media?parent=5688"}],"curies":[{"name":"wp","href":"https:\/\/api.w.org\/{rel}","templated":true}]}}