{"id":5706,"date":"2024-11-07T16:39:27","date_gmt":"2024-11-07T16:39:27","guid":{"rendered":"https:\/\/landupplysingar.is\/?page_id=5706"},"modified":"2024-12-02T14:11:41","modified_gmt":"2024-12-02T14:11:41","slug":"slysagreiningar-og-spar-med-umferdarlikonum","status":"publish","type":"page","link":"https:\/\/landupplysingar.is\/index.php\/slysagreiningar-og-spar-med-umferdarlikonum\/","title":{"rendered":"Slysagreiningar og -sp\u00e1r me\u00f0 umfer\u00f0arl\u00edk\u00f6num."},"content":{"rendered":"\n<div data-wp-interactive=\"core\/file\" class=\"wp-block-file\"><object data-wp-bind--hidden=\"!state.hasPdfPreview\" hidden class=\"wp-block-file__embed\" data=\"https:\/\/landupplysingar.is\/wp-content\/uploads\/2024\/12\/ARY-Slysagreining-og-spa-LISA.pdf\" type=\"application\/pdf\" style=\"width:100%;height:600px\" aria-label=\"Embed of ARY-Slysagreining-og-spa-LISA.\"><\/object><a id=\"wp-block-file--media-eb6f4b37-b2fe-4c90-b39d-c57fa53604e6\" href=\"https:\/\/landupplysingar.is\/wp-content\/uploads\/2024\/12\/ARY-Slysagreining-og-spa-LISA.pdf\">ARY-Slysagreining-og-spa-LISA<\/a><a href=\"https:\/\/landupplysingar.is\/wp-content\/uploads\/2024\/12\/ARY-Slysagreining-og-spa-LISA.pdf\" class=\"wp-block-file__button wp-element-button\" download aria-describedby=\"wp-block-file--media-eb6f4b37-b2fe-4c90-b39d-c57fa53604e6\">Download<\/a><\/div>\n","protected":false},"excerpt":{"rendered":"","protected":false},"author":1,"featured_media":0,"parent":0,"menu_order":0,"comment_status":"closed","ping_status":"closed","template":"","meta":{"_exactmetrics_skip_tracking":false,"_exactmetrics_sitenote_active":false,"_exactmetrics_sitenote_note":"","_exactmetrics_sitenote_category":0,"_uf_show_specific_survey":0,"_uf_disable_surveys":false,"footnotes":""},"class_list":["post-5706","page","type-page","status-publish","hentry"],"aioseo_notices":[],"_links":{"self":[{"href":"https:\/\/landupplysingar.is\/index.php\/wp-json\/wp\/v2\/pages\/5706","targetHints":{"allow":["GET"]}}],"collection":[{"href":"https:\/\/landupplysingar.is\/index.php\/wp-json\/wp\/v2\/pages"}],"about":[{"href":"https:\/\/landupplysingar.is\/index.php\/wp-json\/wp\/v2\/types\/page"}],"author":[{"embeddable":true,"href":"https:\/\/landupplysingar.is\/index.php\/wp-json\/wp\/v2\/users\/1"}],"replies":[{"embeddable":true,"href":"https:\/\/landupplysingar.is\/index.php\/wp-json\/wp\/v2\/comments?post=5706"}],"version-history":[{"count":4,"href":"https:\/\/landupplysingar.is\/index.php\/wp-json\/wp\/v2\/pages\/5706\/revisions"}],"predecessor-version":[{"id":5820,"href":"https:\/\/landupplysingar.is\/index.php\/wp-json\/wp\/v2\/pages\/5706\/revisions\/5820"}],"wp:attachment":[{"href":"https:\/\/landupplysingar.is\/index.php\/wp-json\/wp\/v2\/media?parent=5706"}],"curies":[{"name":"wp","href":"https:\/\/api.w.org\/{rel}","templated":true}]}}