{"id":5711,"date":"2024-11-07T16:46:12","date_gmt":"2024-11-07T16:46:12","guid":{"rendered":"https:\/\/landupplysingar.is\/?page_id=5711"},"modified":"2024-11-07T16:46:13","modified_gmt":"2024-11-07T16:46:13","slug":"sjomaelinga-og-siglingaoryggisdeild-landhelgisgaeslu-islands-hlutverk-og-nyjar-askoranir","status":"publish","type":"page","link":"https:\/\/landupplysingar.is\/index.php\/sjomaelinga-og-siglingaoryggisdeild-landhelgisgaeslu-islands-hlutverk-og-nyjar-askoranir\/","title":{"rendered":"Sj\u00f3m\u00e6linga- og siglinga\u00f6ryggisdeild Landhelgisg\u00e6slu \u00cdslands \u2013 hlutverk og n\u00fdjar \u00e1skoranir"},"content":{"rendered":"","protected":false},"excerpt":{"rendered":"","protected":false},"author":1,"featured_media":0,"parent":0,"menu_order":0,"comment_status":"closed","ping_status":"closed","template":"","meta":{"_exactmetrics_skip_tracking":false,"_exactmetrics_sitenote_active":false,"_exactmetrics_sitenote_note":"","_exactmetrics_sitenote_category":0,"_uf_show_specific_survey":0,"_uf_disable_surveys":false,"footnotes":""},"class_list":["post-5711","page","type-page","status-publish","hentry"],"aioseo_notices":[],"_links":{"self":[{"href":"https:\/\/landupplysingar.is\/index.php\/wp-json\/wp\/v2\/pages\/5711","targetHints":{"allow":["GET"]}}],"collection":[{"href":"https:\/\/landupplysingar.is\/index.php\/wp-json\/wp\/v2\/pages"}],"about":[{"href":"https:\/\/landupplysingar.is\/index.php\/wp-json\/wp\/v2\/types\/page"}],"author":[{"embeddable":true,"href":"https:\/\/landupplysingar.is\/index.php\/wp-json\/wp\/v2\/users\/1"}],"replies":[{"embeddable":true,"href":"https:\/\/landupplysingar.is\/index.php\/wp-json\/wp\/v2\/comments?post=5711"}],"version-history":[{"count":2,"href":"https:\/\/landupplysingar.is\/index.php\/wp-json\/wp\/v2\/pages\/5711\/revisions"}],"predecessor-version":[{"id":5714,"href":"https:\/\/landupplysingar.is\/index.php\/wp-json\/wp\/v2\/pages\/5711\/revisions\/5714"}],"wp:attachment":[{"href":"https:\/\/landupplysingar.is\/index.php\/wp-json\/wp\/v2\/media?parent=5711"}],"curies":[{"name":"wp","href":"https:\/\/api.w.org\/{rel}","templated":true}]}}