{"id":6049,"date":"2025-11-25T15:14:51","date_gmt":"2025-11-25T15:14:51","guid":{"rendered":"https:\/\/landupplysingar.is\/?page_id=6049"},"modified":"2025-11-25T15:21:04","modified_gmt":"2025-11-25T15:21:04","slug":"vegagerdin-landupplysingar-og-framkvaemdakortasja","status":"publish","type":"page","link":"https:\/\/landupplysingar.is\/index.php\/vegagerdin-landupplysingar-og-framkvaemdakortasja\/","title":{"rendered":"Vegager\u00f0in, landuppl\u00fdsingar og framkv\u00e6mdakortasj\u00e1"},"content":{"rendered":"\n<div class=\"wp-block-file\"><a id=\"wp-block-file--media-653515c1-8bc1-4bd8-85a8-e1023d9e2798\" href=\"https:\/\/landupplysingar.is\/wp-content\/uploads\/2025\/11\/Vegagerdin_kortasjar_landupplysingar.pptx\">Vegagerdin_kortasjar_landupplysingar<\/a><a href=\"https:\/\/landupplysingar.is\/wp-content\/uploads\/2025\/11\/Vegagerdin_kortasjar_landupplysingar.pptx\" class=\"wp-block-file__button wp-element-button\" download aria-describedby=\"wp-block-file--media-653515c1-8bc1-4bd8-85a8-e1023d9e2798\">Download<\/a><\/div>\n","protected":false},"excerpt":{"rendered":"","protected":false},"author":2,"featured_media":0,"parent":0,"menu_order":0,"comment_status":"closed","ping_status":"closed","template":"","meta":{"_exactmetrics_skip_tracking":false,"_exactmetrics_sitenote_active":false,"_exactmetrics_sitenote_note":"","_exactmetrics_sitenote_category":0,"_uf_show_specific_survey":0,"_uf_disable_surveys":false,"footnotes":""},"class_list":["post-6049","page","type-page","status-publish","hentry"],"aioseo_notices":[],"_links":{"self":[{"href":"https:\/\/landupplysingar.is\/index.php\/wp-json\/wp\/v2\/pages\/6049","targetHints":{"allow":["GET"]}}],"collection":[{"href":"https:\/\/landupplysingar.is\/index.php\/wp-json\/wp\/v2\/pages"}],"about":[{"href":"https:\/\/landupplysingar.is\/index.php\/wp-json\/wp\/v2\/types\/page"}],"author":[{"embeddable":true,"href":"https:\/\/landupplysingar.is\/index.php\/wp-json\/wp\/v2\/users\/2"}],"replies":[{"embeddable":true,"href":"https:\/\/landupplysingar.is\/index.php\/wp-json\/wp\/v2\/comments?post=6049"}],"version-history":[{"count":4,"href":"https:\/\/landupplysingar.is\/index.php\/wp-json\/wp\/v2\/pages\/6049\/revisions"}],"predecessor-version":[{"id":6056,"href":"https:\/\/landupplysingar.is\/index.php\/wp-json\/wp\/v2\/pages\/6049\/revisions\/6056"}],"wp:attachment":[{"href":"https:\/\/landupplysingar.is\/index.php\/wp-json\/wp\/v2\/media?parent=6049"}],"curies":[{"name":"wp","href":"https:\/\/api.w.org\/{rel}","templated":true}]}}