{"id":6057,"date":"2025-11-25T15:23:55","date_gmt":"2025-11-25T15:23:55","guid":{"rendered":"https:\/\/landupplysingar.is\/?page_id=6057"},"modified":"2025-11-25T15:23:56","modified_gmt":"2025-11-25T15:23:56","slug":"copernicus-stada-og-taekifaeri","status":"publish","type":"page","link":"https:\/\/landupplysingar.is\/index.php\/copernicus-stada-og-taekifaeri\/","title":{"rendered":"Copernicus \u2013 sta\u00f0a og t\u00e6kif\u00e6ri"},"content":{"rendered":"\n<div class=\"wp-block-file\"><a id=\"wp-block-file--media-9981d1ac-4d7a-4f21-867f-aa7a286a7fd3\" href=\"https:\/\/landupplysingar.is\/wp-content\/uploads\/2025\/11\/Copernicus_Marco-Pizzolato.mp4\">Copernicus_Marco Pizzolato<\/a><a href=\"https:\/\/landupplysingar.is\/wp-content\/uploads\/2025\/11\/Copernicus_Marco-Pizzolato.mp4\" class=\"wp-block-file__button wp-element-button\" download aria-describedby=\"wp-block-file--media-9981d1ac-4d7a-4f21-867f-aa7a286a7fd3\">Download<\/a><\/div>\n","protected":false},"excerpt":{"rendered":"","protected":false},"author":2,"featured_media":0,"parent":0,"menu_order":0,"comment_status":"closed","ping_status":"closed","template":"","meta":{"_exactmetrics_skip_tracking":false,"_exactmetrics_sitenote_active":false,"_exactmetrics_sitenote_note":"","_exactmetrics_sitenote_category":0,"_uf_show_specific_survey":0,"_uf_disable_surveys":false,"footnotes":""},"class_list":["post-6057","page","type-page","status-publish","hentry"],"aioseo_notices":[],"_links":{"self":[{"href":"https:\/\/landupplysingar.is\/index.php\/wp-json\/wp\/v2\/pages\/6057","targetHints":{"allow":["GET"]}}],"collection":[{"href":"https:\/\/landupplysingar.is\/index.php\/wp-json\/wp\/v2\/pages"}],"about":[{"href":"https:\/\/landupplysingar.is\/index.php\/wp-json\/wp\/v2\/types\/page"}],"author":[{"embeddable":true,"href":"https:\/\/landupplysingar.is\/index.php\/wp-json\/wp\/v2\/users\/2"}],"replies":[{"embeddable":true,"href":"https:\/\/landupplysingar.is\/index.php\/wp-json\/wp\/v2\/comments?post=6057"}],"version-history":[{"count":2,"href":"https:\/\/landupplysingar.is\/index.php\/wp-json\/wp\/v2\/pages\/6057\/revisions"}],"predecessor-version":[{"id":6061,"href":"https:\/\/landupplysingar.is\/index.php\/wp-json\/wp\/v2\/pages\/6057\/revisions\/6061"}],"wp:attachment":[{"href":"https:\/\/landupplysingar.is\/index.php\/wp-json\/wp\/v2\/media?parent=6057"}],"curies":[{"name":"wp","href":"https:\/\/api.w.org\/{rel}","templated":true}]}}