{"id":6062,"date":"2025-11-25T15:25:38","date_gmt":"2025-11-25T15:25:38","guid":{"rendered":"https:\/\/landupplysingar.is\/?page_id=6062"},"modified":"2025-11-25T15:27:17","modified_gmt":"2025-11-25T15:27:17","slug":"framkvaemdasjodur-ferdamannastada-og-landupplysingar-ferdamalastofu","status":"publish","type":"page","link":"https:\/\/landupplysingar.is\/index.php\/framkvaemdasjodur-ferdamannastada-og-landupplysingar-ferdamalastofu\/","title":{"rendered":"Framkv\u00e6mdasj\u00f3\u00f0ur fer\u00f0amannasta\u00f0a og landuppl\u00fdsingar Fer\u00f0am\u00e1lastofu."},"content":{"rendered":"\n<div class=\"wp-block-file\"><a id=\"wp-block-file--media-a16bc865-c9ab-439e-b085-a2f45cf802bc\" href=\"https:\/\/landupplysingar.is\/wp-content\/uploads\/2025\/11\/kynning-LISA-nov-2025.pptx\">kynning LISA &#8211; nov 2025<\/a><a href=\"https:\/\/landupplysingar.is\/wp-content\/uploads\/2025\/11\/kynning-LISA-nov-2025.pptx\" class=\"wp-block-file__button wp-element-button\" download aria-describedby=\"wp-block-file--media-a16bc865-c9ab-439e-b085-a2f45cf802bc\">Download<\/a><\/div>\n","protected":false},"excerpt":{"rendered":"","protected":false},"author":2,"featured_media":0,"parent":0,"menu_order":0,"comment_status":"closed","ping_status":"closed","template":"","meta":{"_exactmetrics_skip_tracking":false,"_exactmetrics_sitenote_active":false,"_exactmetrics_sitenote_note":"","_exactmetrics_sitenote_category":0,"_uf_show_specific_survey":0,"_uf_disable_surveys":false,"footnotes":""},"class_list":["post-6062","page","type-page","status-publish","hentry"],"aioseo_notices":[],"_links":{"self":[{"href":"https:\/\/landupplysingar.is\/index.php\/wp-json\/wp\/v2\/pages\/6062","targetHints":{"allow":["GET"]}}],"collection":[{"href":"https:\/\/landupplysingar.is\/index.php\/wp-json\/wp\/v2\/pages"}],"about":[{"href":"https:\/\/landupplysingar.is\/index.php\/wp-json\/wp\/v2\/types\/page"}],"author":[{"embeddable":true,"href":"https:\/\/landupplysingar.is\/index.php\/wp-json\/wp\/v2\/users\/2"}],"replies":[{"embeddable":true,"href":"https:\/\/landupplysingar.is\/index.php\/wp-json\/wp\/v2\/comments?post=6062"}],"version-history":[{"count":5,"href":"https:\/\/landupplysingar.is\/index.php\/wp-json\/wp\/v2\/pages\/6062\/revisions"}],"predecessor-version":[{"id":6071,"href":"https:\/\/landupplysingar.is\/index.php\/wp-json\/wp\/v2\/pages\/6062\/revisions\/6071"}],"wp:attachment":[{"href":"https:\/\/landupplysingar.is\/index.php\/wp-json\/wp\/v2\/media?parent=6062"}],"curies":[{"name":"wp","href":"https:\/\/api.w.org\/{rel}","templated":true}]}}