{"id":6077,"date":"2025-11-25T15:29:29","date_gmt":"2025-11-25T15:29:29","guid":{"rendered":"https:\/\/landupplysingar.is\/?page_id=6077"},"modified":"2025-11-25T15:29:30","modified_gmt":"2025-11-25T15:29:30","slug":"landfraedileg-syn-a-framkvaemdir-veitna","status":"publish","type":"page","link":"https:\/\/landupplysingar.is\/index.php\/landfraedileg-syn-a-framkvaemdir-veitna\/","title":{"rendered":"Landfr\u00e6\u00f0ileg s\u00fdn \u00e1 framkv\u00e6mdir Veitna."},"content":{"rendered":"\n<div class=\"wp-block-file\"><a id=\"wp-block-file--media-64b8615b-e1c4-4508-ad54-25d54415f936\" href=\"https:\/\/landupplysingar.is\/wp-content\/uploads\/2025\/11\/Haustradstefna25-Veitur.pptx\">Haustra\u0301\u00f0stefna25 &#8211; Veitur<\/a><a href=\"https:\/\/landupplysingar.is\/wp-content\/uploads\/2025\/11\/Haustradstefna25-Veitur.pptx\" class=\"wp-block-file__button wp-element-button\" download aria-describedby=\"wp-block-file--media-64b8615b-e1c4-4508-ad54-25d54415f936\">Download<\/a><\/div>\n","protected":false},"excerpt":{"rendered":"","protected":false},"author":2,"featured_media":0,"parent":0,"menu_order":0,"comment_status":"closed","ping_status":"closed","template":"","meta":{"_exactmetrics_skip_tracking":false,"_exactmetrics_sitenote_active":false,"_exactmetrics_sitenote_note":"","_exactmetrics_sitenote_category":0,"_uf_show_specific_survey":0,"_uf_disable_surveys":false,"footnotes":""},"class_list":["post-6077","page","type-page","status-publish","hentry"],"aioseo_notices":[],"_links":{"self":[{"href":"https:\/\/landupplysingar.is\/index.php\/wp-json\/wp\/v2\/pages\/6077","targetHints":{"allow":["GET"]}}],"collection":[{"href":"https:\/\/landupplysingar.is\/index.php\/wp-json\/wp\/v2\/pages"}],"about":[{"href":"https:\/\/landupplysingar.is\/index.php\/wp-json\/wp\/v2\/types\/page"}],"author":[{"embeddable":true,"href":"https:\/\/landupplysingar.is\/index.php\/wp-json\/wp\/v2\/users\/2"}],"replies":[{"embeddable":true,"href":"https:\/\/landupplysingar.is\/index.php\/wp-json\/wp\/v2\/comments?post=6077"}],"version-history":[{"count":2,"href":"https:\/\/landupplysingar.is\/index.php\/wp-json\/wp\/v2\/pages\/6077\/revisions"}],"predecessor-version":[{"id":6081,"href":"https:\/\/landupplysingar.is\/index.php\/wp-json\/wp\/v2\/pages\/6077\/revisions\/6081"}],"wp:attachment":[{"href":"https:\/\/landupplysingar.is\/index.php\/wp-json\/wp\/v2\/media?parent=6077"}],"curies":[{"name":"wp","href":"https:\/\/api.w.org\/{rel}","templated":true}]}}